{"id":356,"date":"2020-05-22T08:58:30","date_gmt":"2020-05-22T08:58:30","guid":{"rendered":"https:\/\/voonoo.sn\/about\/"},"modified":"2021-09-23T11:53:38","modified_gmt":"2021-09-23T11:53:38","slug":"a-propos","status":"publish","type":"page","link":"https:\/\/voonoo.sn\/fr_fr\/a-propos\/","title":{"rendered":"\u00c0 propos"},"content":{"rendered":"\t\t<div data-elementor-type=\"wp-page\" data-elementor-id=\"356\" class=\"elementor elementor-356\" data-elementor-post-type=\"page\">\n\t\t\t\t\t\t<section class=\"elementor-section elementor-top-section elementor-element elementor-element-de9e5e7 elementor-section-content-bottom elementor-section-boxed elementor-section-height-default elementor-section-height-default\" data-id=\"de9e5e7\" data-element_type=\"section\" data-settings=\"{&quot;background_background&quot;:&quot;slideshow&quot;,&quot;background_slideshow_gallery&quot;:[{&quot;id&quot;:877,&quot;url&quot;:&quot;https:\\\/\\\/voonoo.sn\\\/wp-content\\\/uploads\\\/2021\\\/09\\\/7-scaled.jpg&quot;},{&quot;id&quot;:883,&quot;url&quot;:&quot;https:\\\/\\\/voonoo.sn\\\/wp-content\\\/uploads\\\/2021\\\/09\\\/35E0C3BC-F9BA-4400-B68F-E471A48C8E0A.jpg&quot;},{&quot;id&quot;:884,&quot;url&quot;:&quot;https:\\\/\\\/voonoo.sn\\\/wp-content\\\/uploads\\\/2021\\\/09\\\/IMG_0388-scaled.jpg&quot;},{&quot;id&quot;:885,&quot;url&quot;:&quot;https:\\\/\\\/voonoo.sn\\\/wp-content\\\/uploads\\\/2021\\\/09\\\/IMG_0391-scaled.jpg&quot;}],&quot;background_slideshow_loop&quot;:&quot;yes&quot;,&quot;background_slideshow_slide_duration&quot;:5000,&quot;background_slideshow_slide_transition&quot;:&quot;fade&quot;,&quot;background_slideshow_transition_duration&quot;:500}\">\n\t\t\t\t\t\t\t<div class=\"elementor-background-overlay\"><\/div>\n\t\t\t\t\t\t\t<div class=\"elementor-container elementor-column-gap-no\">\n\t\t\t\t\t<div class=\"elementor-column elementor-col-100 elementor-top-column elementor-element elementor-element-9c29a21\" data-id=\"9c29a21\" data-element_type=\"column\">\n\t\t\t<div class=\"elementor-widget-wrap elementor-element-populated\">\n\t\t\t\t\t\t<div class=\"elementor-element elementor-element-dce548c elementor-widget elementor-widget-heading\" data-id=\"dce548c\" data-element_type=\"widget\" data-widget_type=\"heading.default\">\n\t\t\t\t<div class=\"elementor-widget-container\">\n\t\t\t\t\t<h1 class=\"elementor-heading-title elementor-size-default\">Voo Noo en bref<\/h1>\t\t\t\t<\/div>\n\t\t\t\t<\/div>\n\t\t\t\t<div class=\"elementor-element elementor-element-d20a252 elementor-widget elementor-widget-text-editor\" data-id=\"d20a252\" data-element_type=\"widget\" data-widget_type=\"text-editor.default\">\n\t\t\t\t<div class=\"elementor-widget-container\">\n\t\t\t\t\t\t\t\t\t<p><em>Voo Noo<\/em> <em>Group<\/em> est un hub de soci\u00e9t\u00e9s de services, de conseil et strat\u00e9gies aux entreprises, d&rsquo;organisation \u00e9v\u00e8nementielle et de la promotion de la Casamance.<\/p>\t\t\t\t\t\t\t\t<\/div>\n\t\t\t\t<\/div>\n\t\t\t\t\t<\/div>\n\t\t<\/div>\n\t\t\t\t\t<\/div>\n\t\t<\/section>\n\t\t\t\t<section class=\"elementor-section elementor-top-section elementor-element elementor-element-669d21e elementor-section-boxed elementor-section-height-default elementor-section-height-default\" data-id=\"669d21e\" data-element_type=\"section\" data-settings=\"{&quot;background_background&quot;:&quot;classic&quot;,&quot;shape_divider_top&quot;:&quot;tilt&quot;,&quot;shape_divider_bottom&quot;:&quot;tilt&quot;}\">\n\t\t\t\t\t<div class=\"elementor-shape elementor-shape-top\" aria-hidden=\"true\" data-negative=\"false\">\n\t\t\t<svg xmlns=\"http:\/\/www.w3.org\/2000\/svg\" viewBox=\"0 0 1000 100\" preserveAspectRatio=\"none\">\n\t<path class=\"elementor-shape-fill\" d=\"M0,6V0h1000v100L0,6z\"\/>\n<\/svg>\t\t<\/div>\n\t\t\t\t<div class=\"elementor-shape elementor-shape-bottom\" aria-hidden=\"true\" data-negative=\"false\">\n\t\t\t<svg xmlns=\"http:\/\/www.w3.org\/2000\/svg\" viewBox=\"0 0 1000 100\" preserveAspectRatio=\"none\">\n\t<path class=\"elementor-shape-fill\" d=\"M0,6V0h1000v100L0,6z\"\/>\n<\/svg>\t\t<\/div>\n\t\t\t\t\t<div class=\"elementor-container elementor-column-gap-default\">\n\t\t\t\t\t<div class=\"elementor-column elementor-col-100 elementor-top-column elementor-element elementor-element-7137a03\" data-id=\"7137a03\" data-element_type=\"column\">\n\t\t\t<div class=\"elementor-widget-wrap elementor-element-populated\">\n\t\t\t\t\t\t<section class=\"elementor-section elementor-inner-section elementor-element elementor-element-57da008 elementor-section-boxed elementor-section-height-default elementor-section-height-default\" data-id=\"57da008\" data-element_type=\"section\">\n\t\t\t\t\t\t<div class=\"elementor-container elementor-column-gap-default\">\n\t\t\t\t\t<div class=\"elementor-column elementor-col-50 elementor-inner-column elementor-element elementor-element-4f4c88d\" data-id=\"4f4c88d\" data-element_type=\"column\">\n\t\t\t<div class=\"elementor-widget-wrap elementor-element-populated\">\n\t\t\t\t\t\t<div class=\"elementor-element elementor-element-f53f5ff elementor-widget elementor-widget-image\" data-id=\"f53f5ff\" data-element_type=\"widget\" data-widget_type=\"image.default\">\n\t\t\t\t<div class=\"elementor-widget-container\">\n\t\t\t\t\t\t\t\t\t\t\t\t\t\t\t<img fetchpriority=\"high\" decoding=\"async\" width=\"828\" height=\"1472\" src=\"https:\/\/voonoo.sn\/wp-content\/uploads\/2021\/09\/0F5C4177-B9ED-4050-9424-9B81CC5B1274.jpg\" class=\"attachment-full size-full wp-image-1187\" alt=\"\" srcset=\"https:\/\/voonoo.sn\/wp-content\/uploads\/2021\/09\/0F5C4177-B9ED-4050-9424-9B81CC5B1274.jpg 828w, https:\/\/voonoo.sn\/wp-content\/uploads\/2021\/09\/0F5C4177-B9ED-4050-9424-9B81CC5B1274-169x300.jpg 169w, https:\/\/voonoo.sn\/wp-content\/uploads\/2021\/09\/0F5C4177-B9ED-4050-9424-9B81CC5B1274-576x1024.jpg 576w, https:\/\/voonoo.sn\/wp-content\/uploads\/2021\/09\/0F5C4177-B9ED-4050-9424-9B81CC5B1274-768x1365.jpg 768w, https:\/\/voonoo.sn\/wp-content\/uploads\/2021\/09\/0F5C4177-B9ED-4050-9424-9B81CC5B1274-7x12.jpg 7w\" sizes=\"(max-width: 828px) 100vw, 828px\" \/>\t\t\t\t\t\t\t\t\t\t\t\t\t\t\t<\/div>\n\t\t\t\t<\/div>\n\t\t\t\t\t<\/div>\n\t\t<\/div>\n\t\t\t\t<div class=\"elementor-column elementor-col-50 elementor-inner-column elementor-element elementor-element-398c264\" data-id=\"398c264\" data-element_type=\"column\">\n\t\t\t<div class=\"elementor-widget-wrap elementor-element-populated\">\n\t\t\t\t\t\t<div class=\"elementor-element elementor-element-07ba4de elementor-widget elementor-widget-heading\" data-id=\"07ba4de\" data-element_type=\"widget\" data-widget_type=\"heading.default\">\n\t\t\t\t<div class=\"elementor-widget-container\">\n\t\t\t\t\t<h2 class=\"elementor-heading-title elementor-size-default\">Mot du directeur G\u00e9n\u00e9ral<\/h2>\t\t\t\t<\/div>\n\t\t\t\t<\/div>\n\t\t\t\t<div class=\"elementor-element elementor-element-39a554d elementor-widget elementor-widget-text-editor\" data-id=\"39a554d\" data-element_type=\"widget\" data-widget_type=\"text-editor.default\">\n\t\t\t\t<div class=\"elementor-widget-container\">\n\t\t\t\t\t\t\t\t\t<p><em>Voo Noo<\/em> est une r\u00e9ponse aux nombreux d\u00e9fis \u00e9conomiques qui s\u2019imposent au continent africain dans la qu\u00eate pour sa transformation.\u00a0<\/p>\t\t\t\t\t\t\t\t<\/div>\n\t\t\t\t<\/div>\n\t\t\t\t<div class=\"elementor-element elementor-element-8a162c8 elementor-widget elementor-widget-text-editor\" data-id=\"8a162c8\" data-element_type=\"widget\" data-widget_type=\"text-editor.default\">\n\t\t\t\t<div class=\"elementor-widget-container\">\n\t\t\t\t\t\t\t\t\t<p>En nous lan\u00e7ant dans cette belle aventure, nous sommes convaincus du pouvoir de transformer le potentiel qui existe au c\u0153ur des territoires africains de fa\u00e7on efficace et durable.<\/p>\t\t\t\t\t\t\t\t<\/div>\n\t\t\t\t<\/div>\n\t\t\t\t<div class=\"elementor-element elementor-element-c97c9df elementor-widget elementor-widget-text-editor\" data-id=\"c97c9df\" data-element_type=\"widget\" data-widget_type=\"text-editor.default\">\n\t\t\t\t<div class=\"elementor-widget-container\">\n\t\t\t\t\t\t\t\t\t<p>Dans le respect de nos clients et des valeurs qui lient ses associ\u00e9s, Voo Noo se d\u00e9ploie dans le conseil en strat\u00e9gie et organisation, l\u2019industrie et le tourisme.<\/p>\t\t\t\t\t\t\t\t<\/div>\n\t\t\t\t<\/div>\n\t\t\t\t<div class=\"elementor-element elementor-element-fd6d251 elementor-widget elementor-widget-text-editor\" data-id=\"fd6d251\" data-element_type=\"widget\" data-widget_type=\"text-editor.default\">\n\t\t\t\t<div class=\"elementor-widget-container\">\n\t\t\t\t\t\t\t\t\t<p>Nous avons fait le choix d\u2019ancrer Voo Noo au c\u0153ur de la Casamance, un territoire d\u2019opportunit\u00e9s formidables et de ressources de qualit\u00e9.<\/p>\t\t\t\t\t\t\t\t<\/div>\n\t\t\t\t<\/div>\n\t\t\t\t<div class=\"elementor-element elementor-element-0002b7d elementor-widget elementor-widget-text-editor\" data-id=\"0002b7d\" data-element_type=\"widget\" data-widget_type=\"text-editor.default\">\n\t\t\t\t<div class=\"elementor-widget-container\">\n\t\t\t\t\t\t\t\t\t<p>Par ce choix de l\u2019esprit et du c\u0153ur, Voo Noo se veut porteuse d\u2019une valeur ajout\u00e9e inclusive et durable qui promeut l\u2019emploi des jeunes et des femmes, vecteur de paix, de progr\u00e8s humain et social et de d\u00e9veloppement \u00e0 l\u2019\u00e9chelle du continent africain.\u00a0<\/p>\t\t\t\t\t\t\t\t<\/div>\n\t\t\t\t<\/div>\n\t\t\t\t<div class=\"elementor-element elementor-element-72c2ff7 elementor-widget elementor-widget-heading\" data-id=\"72c2ff7\" data-element_type=\"widget\" data-widget_type=\"heading.default\">\n\t\t\t\t<div class=\"elementor-widget-container\">\n\t\t\t\t\t<h3 class=\"elementor-heading-title elementor-size-default\">Eug\u00e8ne NDIAYE <\/h3>\t\t\t\t<\/div>\n\t\t\t\t<\/div>\n\t\t\t\t<div class=\"elementor-element elementor-element-1c68852 elementor-widget elementor-widget-text-editor\" data-id=\"1c68852\" data-element_type=\"widget\" data-widget_type=\"text-editor.default\">\n\t\t\t\t<div class=\"elementor-widget-container\">\n\t\t\t\t\t\t\t\t\tDirecteur G\u00e9n\u00e9ral Associ\u00e9\t\t\t\t\t\t\t\t<\/div>\n\t\t\t\t<\/div>\n\t\t\t\t\t<\/div>\n\t\t<\/div>\n\t\t\t\t\t<\/div>\n\t\t<\/section>\n\t\t\t\t\t<\/div>\n\t\t<\/div>\n\t\t\t\t\t<\/div>\n\t\t<\/section>\n\t\t\t\t<section class=\"elementor-section elementor-top-section elementor-element elementor-element-47fc2a38 elementor-section-full_width elementor-section-height-min-height elementor-section-items-stretch elementor-reverse-tablet elementor-reverse-mobile elementor-section-height-default\" data-id=\"47fc2a38\" data-element_type=\"section\" data-settings=\"{&quot;background_background&quot;:&quot;classic&quot;}\">\n\t\t\t\t\t\t\t<div class=\"elementor-background-overlay\"><\/div>\n\t\t\t\t\t\t\t<div class=\"elementor-container elementor-column-gap-default\">\n\t\t\t\t\t<div class=\"elementor-column elementor-col-50 elementor-top-column elementor-element elementor-element-2afc5bf9\" data-id=\"2afc5bf9\" data-element_type=\"column\">\n\t\t\t<div class=\"elementor-widget-wrap elementor-element-populated\">\n\t\t\t\t\t\t<div class=\"elementor-element elementor-element-d703dea elementor-widget elementor-widget-heading\" data-id=\"d703dea\" data-element_type=\"widget\" data-widget_type=\"heading.default\">\n\t\t\t\t<div class=\"elementor-widget-container\">\n\t\t\t\t\t<h2 class=\"elementor-heading-title elementor-size-default\">Une mission claire<\/h2>\t\t\t\t<\/div>\n\t\t\t\t<\/div>\n\t\t\t\t<div class=\"elementor-element elementor-element-3d1d3d2 elementor-widget elementor-widget-text-editor\" data-id=\"3d1d3d2\" data-element_type=\"widget\" data-widget_type=\"text-editor.default\">\n\t\t\t\t<div class=\"elementor-widget-container\">\n\t\t\t\t\t\t\t\t\t<p>Voo Noo est un label de qualit\u00e9 port\u00e9 par des professionnels africains soucieux de la transformation durable du continent.<\/p>\t\t\t\t\t\t\t\t<\/div>\n\t\t\t\t<\/div>\n\t\t\t\t<div class=\"elementor-element elementor-element-0b3ff1c elementor-widget elementor-widget-text-editor\" data-id=\"0b3ff1c\" data-element_type=\"widget\" data-widget_type=\"text-editor.default\">\n\t\t\t\t<div class=\"elementor-widget-container\">\n\t\t\t\t\t\t\t\t\t<p>Voo Noo a une vision globale d\u2019accompagnement des \u00e9conomies africaines dans leur marche pour l\u2019\u00e9mergence inclusive et durable.<\/p>\t\t\t\t\t\t\t\t<\/div>\n\t\t\t\t<\/div>\n\t\t\t\t\t<\/div>\n\t\t<\/div>\n\t\t\t\t<div class=\"elementor-column elementor-col-50 elementor-top-column elementor-element elementor-element-5e116675\" data-id=\"5e116675\" data-element_type=\"column\" data-settings=\"{&quot;background_background&quot;:&quot;classic&quot;}\">\n\t\t\t<div class=\"elementor-widget-wrap elementor-element-populated\">\n\t\t\t\t\t\t<div class=\"elementor-element elementor-element-795efc24 elementor-widget elementor-widget-image\" data-id=\"795efc24\" data-element_type=\"widget\" data-widget_type=\"image.default\">\n\t\t\t\t<div class=\"elementor-widget-container\">\n\t\t\t\t\t\t\t\t\t\t\t\t\t\t\t<img decoding=\"async\" width=\"1000\" height=\"667\" src=\"https:\/\/voonoo.sn\/wp-content\/uploads\/2021\/09\/RFDE.jpg\" class=\"attachment-full size-full wp-image-403\" alt=\"\" srcset=\"https:\/\/voonoo.sn\/wp-content\/uploads\/2021\/09\/RFDE.jpg 1000w, https:\/\/voonoo.sn\/wp-content\/uploads\/2021\/09\/RFDE-300x200.jpg 300w, https:\/\/voonoo.sn\/wp-content\/uploads\/2021\/09\/RFDE-768x512.jpg 768w\" sizes=\"(max-width: 1000px) 100vw, 1000px\" \/>\t\t\t\t\t\t\t\t\t\t\t\t\t\t\t<\/div>\n\t\t\t\t<\/div>\n\t\t\t\t\t<\/div>\n\t\t<\/div>\n\t\t\t\t\t<\/div>\n\t\t<\/section>\n\t\t\t\t<section class=\"elementor-section elementor-top-section elementor-element elementor-element-d406b22 elementor-section-boxed elementor-section-height-default elementor-section-height-default\" data-id=\"d406b22\" data-element_type=\"section\" data-settings=\"{&quot;background_background&quot;:&quot;classic&quot;,&quot;shape_divider_top&quot;:&quot;tilt&quot;,&quot;shape_divider_bottom&quot;:&quot;tilt&quot;}\">\n\t\t\t\t\t<div class=\"elementor-shape elementor-shape-top\" aria-hidden=\"true\" data-negative=\"false\">\n\t\t\t<svg xmlns=\"http:\/\/www.w3.org\/2000\/svg\" viewBox=\"0 0 1000 100\" preserveAspectRatio=\"none\">\n\t<path class=\"elementor-shape-fill\" d=\"M0,6V0h1000v100L0,6z\"\/>\n<\/svg>\t\t<\/div>\n\t\t\t\t<div class=\"elementor-shape elementor-shape-bottom\" aria-hidden=\"true\" data-negative=\"false\">\n\t\t\t<svg xmlns=\"http:\/\/www.w3.org\/2000\/svg\" viewBox=\"0 0 1000 100\" preserveAspectRatio=\"none\">\n\t<path class=\"elementor-shape-fill\" d=\"M0,6V0h1000v100L0,6z\"\/>\n<\/svg>\t\t<\/div>\n\t\t\t\t\t<div class=\"elementor-container elementor-column-gap-no\">\n\t\t\t\t\t<div class=\"elementor-column elementor-col-100 elementor-top-column elementor-element elementor-element-62c9e8b\" data-id=\"62c9e8b\" data-element_type=\"column\">\n\t\t\t<div class=\"elementor-widget-wrap elementor-element-populated\">\n\t\t\t\t\t\t<div class=\"elementor-element elementor-element-e61d5ea elementor-widget elementor-widget-heading\" data-id=\"e61d5ea\" data-element_type=\"widget\" data-widget_type=\"heading.default\">\n\t\t\t\t<div class=\"elementor-widget-container\">\n\t\t\t\t\t<h2 class=\"elementor-heading-title elementor-size-default\">Voo Noo Hub<\/h2>\t\t\t\t<\/div>\n\t\t\t\t<\/div>\n\t\t\t\t<div class=\"elementor-element elementor-element-f7b54b2 elementor-widget elementor-widget-text-editor\" data-id=\"f7b54b2\" data-element_type=\"widget\" data-widget_type=\"text-editor.default\">\n\t\t\t\t<div class=\"elementor-widget-container\">\n\t\t\t\t\t\t\t\t\t<p><em>Voo Noo<\/em> est une r\u00e9ponse aux nombreux d\u00e9fis \u00e9conomiques qui s\u2019imposent au continent africain dans la qu\u00eate pour sa transformation.\u00a0\u00a0<\/p>\t\t\t\t\t\t\t\t<\/div>\n\t\t\t\t<\/div>\n\t\t\t\t<section class=\"elementor-section elementor-inner-section elementor-element elementor-element-7e9f75f elementor-section-boxed elementor-section-height-default elementor-section-height-default\" data-id=\"7e9f75f\" data-element_type=\"section\">\n\t\t\t\t\t\t<div class=\"elementor-container elementor-column-gap-no\">\n\t\t\t\t\t<div class=\"elementor-column elementor-col-33 elementor-inner-column elementor-element elementor-element-4dfe15a\" data-id=\"4dfe15a\" data-element_type=\"column\" data-settings=\"{&quot;background_background&quot;:&quot;classic&quot;}\">\n\t\t\t<div class=\"elementor-widget-wrap elementor-element-populated\">\n\t\t\t\t\t\t<div class=\"elementor-element elementor-element-0d22348 elementor-widget elementor-widget-image\" data-id=\"0d22348\" data-element_type=\"widget\" data-widget_type=\"image.default\">\n\t\t\t\t<div class=\"elementor-widget-container\">\n\t\t\t\t\t\t\t\t\t\t\t\t\t\t\t<img decoding=\"async\" width=\"700\" height=\"376\" src=\"https:\/\/voonoo.sn\/wp-content\/uploads\/2021\/09\/Conseils-et-strategies.jpg\" class=\"attachment-large size-large wp-image-632\" alt=\"\" srcset=\"https:\/\/voonoo.sn\/wp-content\/uploads\/2021\/09\/Conseils-et-strategies.jpg 700w, https:\/\/voonoo.sn\/wp-content\/uploads\/2021\/09\/Conseils-et-strategies-300x161.jpg 300w\" sizes=\"(max-width: 700px) 100vw, 700px\" \/>\t\t\t\t\t\t\t\t\t\t\t\t\t\t\t<\/div>\n\t\t\t\t<\/div>\n\t\t\t\t<div class=\"elementor-element elementor-element-fede343 elementor-widget elementor-widget-text-editor\" data-id=\"fede343\" data-element_type=\"widget\" data-widget_type=\"text-editor.default\">\n\t\t\t\t<div class=\"elementor-widget-container\">\n\t\t\t\t\t\t\t\t\t<p><strong><em>Voo Noo conseils &amp; strat\u00e9gies<\/em><\/strong> accompagne les entreprises en strat\u00e9gie, organisation et affaires publiques.<\/p>\t\t\t\t\t\t\t\t<\/div>\n\t\t\t\t<\/div>\n\t\t\t\t\t<\/div>\n\t\t<\/div>\n\t\t\t\t<div class=\"elementor-column elementor-col-33 elementor-inner-column elementor-element elementor-element-bd28044\" data-id=\"bd28044\" data-element_type=\"column\">\n\t\t\t<div class=\"elementor-widget-wrap elementor-element-populated\">\n\t\t\t\t\t\t<div class=\"elementor-element elementor-element-778b2cb elementor-widget elementor-widget-image\" data-id=\"778b2cb\" data-element_type=\"widget\" data-widget_type=\"image.default\">\n\t\t\t\t<div class=\"elementor-widget-container\">\n\t\t\t\t\t\t\t\t\t\t\t\t\t\t\t<img loading=\"lazy\" decoding=\"async\" width=\"700\" height=\"376\" src=\"https:\/\/voonoo.sn\/wp-content\/uploads\/2021\/09\/Industries.jpg\" class=\"attachment-large size-large wp-image-633\" alt=\"\" srcset=\"https:\/\/voonoo.sn\/wp-content\/uploads\/2021\/09\/Industries.jpg 700w, https:\/\/voonoo.sn\/wp-content\/uploads\/2021\/09\/Industries-300x161.jpg 300w\" sizes=\"(max-width: 700px) 100vw, 700px\" \/>\t\t\t\t\t\t\t\t\t\t\t\t\t\t\t<\/div>\n\t\t\t\t<\/div>\n\t\t\t\t<div class=\"elementor-element elementor-element-9cfa2b4 elementor-widget elementor-widget-text-editor\" data-id=\"9cfa2b4\" data-element_type=\"widget\" data-widget_type=\"text-editor.default\">\n\t\t\t\t<div class=\"elementor-widget-container\">\n\t\t\t\t\t\t\t\t\t<p><em><strong>Voo Noo Industries<\/strong><\/em> est un acteur de l\u2019industrialisation\u00a0 focalis\u00e9 dans la verte r\u00e9gion de Casamance.<\/p>\t\t\t\t\t\t\t\t<\/div>\n\t\t\t\t<\/div>\n\t\t\t\t\t<\/div>\n\t\t<\/div>\n\t\t\t\t<div class=\"elementor-column elementor-col-33 elementor-inner-column elementor-element elementor-element-2f9fc4f\" data-id=\"2f9fc4f\" data-element_type=\"column\">\n\t\t\t<div class=\"elementor-widget-wrap elementor-element-populated\">\n\t\t\t\t\t\t<div class=\"elementor-element elementor-element-8cd70ac elementor-widget elementor-widget-image\" data-id=\"8cd70ac\" data-element_type=\"widget\" data-widget_type=\"image.default\">\n\t\t\t\t<div class=\"elementor-widget-container\">\n\t\t\t\t\t\t\t\t\t\t\t\t\t\t\t<img loading=\"lazy\" decoding=\"async\" width=\"700\" height=\"376\" src=\"https:\/\/voonoo.sn\/wp-content\/uploads\/2021\/09\/Evenements.jpg\" class=\"attachment-large size-large wp-image-634\" alt=\"\" srcset=\"https:\/\/voonoo.sn\/wp-content\/uploads\/2021\/09\/Evenements.jpg 700w, https:\/\/voonoo.sn\/wp-content\/uploads\/2021\/09\/Evenements-300x161.jpg 300w\" sizes=\"(max-width: 700px) 100vw, 700px\" \/>\t\t\t\t\t\t\t\t\t\t\t\t\t\t\t<\/div>\n\t\t\t\t<\/div>\n\t\t\t\t<div class=\"elementor-element elementor-element-b9e4660 elementor-widget elementor-widget-text-editor\" data-id=\"b9e4660\" data-element_type=\"widget\" data-widget_type=\"text-editor.default\">\n\t\t\t\t<div class=\"elementor-widget-container\">\n\t\t\t\t\t\t\t\t\t<p><em><strong>Voo Noo Events<\/strong> <\/em>est un acteur de l\u2019\u00e9v\u00e9nementiel et de la promotion touristique en Casamance.<\/p>\t\t\t\t\t\t\t\t<\/div>\n\t\t\t\t<\/div>\n\t\t\t\t\t<\/div>\n\t\t<\/div>\n\t\t\t\t\t<\/div>\n\t\t<\/section>\n\t\t\t\t\t<\/div>\n\t\t<\/div>\n\t\t\t\t\t<\/div>\n\t\t<\/section>\n\t\t\t\t<\/div>\n\t\t","protected":false},"excerpt":{"rendered":"<p>Voo Noo en bref Voo Noo Group est un hub de soci\u00e9t\u00e9s de services, de conseil et strat\u00e9gies aux entreprises, d&rsquo;organisation \u00e9v\u00e8nementielle et de la promotion de la Casamance. Mot du directeur G\u00e9n\u00e9ral Voo Noo est une r\u00e9ponse aux nombreux d\u00e9fis \u00e9conomiques qui s\u2019imposent au continent africain dans la qu\u00eate pour sa transformation.\u00a0 En nous &hellip;<\/p>\n<p class=\"read-more\"> <a class=\"\" href=\"https:\/\/voonoo.sn\/fr_fr\/a-propos\/\"> <span class=\"screen-reader-text\">\u00c0 propos<\/span> Lire la suite \u00bb<\/a><\/p>\n","protected":false},"author":1,"featured_media":0,"parent":0,"menu_order":0,"comment_status":"closed","ping_status":"closed","template":"","meta":{"site-sidebar-layout":"no-sidebar","site-content-layout":"page-builder","ast-site-content-layout":"","site-content-style":"default","site-sidebar-style":"default","ast-global-header-display":"","ast-banner-title-visibility":"","ast-main-header-display":"","ast-hfb-above-header-display":"","ast-hfb-below-header-display":"","ast-hfb-mobile-header-display":"","site-post-title":"disabled","ast-breadcrumbs-content":"disabled","ast-featured-img":"disabled","footer-sml-layout":"disabled","theme-transparent-header-meta":"enabled","adv-header-id-meta":"","stick-header-meta":"","header-above-stick-meta":"","header-main-stick-meta":"","header-below-stick-meta":"","astra-migrate-meta-layouts":"","footnotes":""},"class_list":["post-356","page","type-page","status-publish","hentry"],"_links":{"self":[{"href":"https:\/\/voonoo.sn\/fr_fr\/wp-json\/wp\/v2\/pages\/356","targetHints":{"allow":["GET"]}}],"collection":[{"href":"https:\/\/voonoo.sn\/fr_fr\/wp-json\/wp\/v2\/pages"}],"about":[{"href":"https:\/\/voonoo.sn\/fr_fr\/wp-json\/wp\/v2\/types\/page"}],"author":[{"embeddable":true,"href":"https:\/\/voonoo.sn\/fr_fr\/wp-json\/wp\/v2\/users\/1"}],"replies":[{"embeddable":true,"href":"https:\/\/voonoo.sn\/fr_fr\/wp-json\/wp\/v2\/comments?post=356"}],"version-history":[{"count":49,"href":"https:\/\/voonoo.sn\/fr_fr\/wp-json\/wp\/v2\/pages\/356\/revisions"}],"predecessor-version":[{"id":1193,"href":"https:\/\/voonoo.sn\/fr_fr\/wp-json\/wp\/v2\/pages\/356\/revisions\/1193"}],"wp:attachment":[{"href":"https:\/\/voonoo.sn\/fr_fr\/wp-json\/wp\/v2\/media?parent=356"}],"curies":[{"name":"wp","href":"https:\/\/api.w.org\/{rel}","templated":true}]}}